{"id":20,"date":"2016-10-04T17:54:56","date_gmt":"2016-10-04T17:54:56","guid":{"rendered":"http:\/\/engenhariaradio.pt\/fri16\/?page_id=20"},"modified":"2016-10-04T20:59:27","modified_gmt":"2016-10-04T20:59:27","slug":"organizacao","status":"publish","type":"page","link":"https:\/\/www.engenhariaradio.pt\/fri16\/organizacao\/","title":{"rendered":"Organiza\u00e7\u00e3o"},"content":{"rendered":"<p>A 2\u00aa edi\u00e7\u00e3o do F\u00f3rum de R\u00e1dio Independente \u00e9 organizado pela <a href=\"http:\/\/www.engenhariaradio.pt\">Engenharia R\u00e1dio<\/a>, r\u00e1dio universit\u00e1ria do Porto.<\/p>\n<p><img decoding=\"async\" loading=\"lazy\" class=\"alignnone size-medium wp-image-38\" src=\"https:\/\/www.engenhariaradio.pt\/fri16\/wp-content\/uploads\/2016\/10\/engenharia_radio_logotipo_horizontal-300x91.png\" alt=\"engenharia_radio_logotipo_horizontal\" width=\"300\" height=\"91\" srcset=\"https:\/\/www.engenhariaradio.pt\/fri16\/wp-content\/uploads\/2016\/10\/engenharia_radio_logotipo_horizontal-300x91.png 300w, https:\/\/www.engenhariaradio.pt\/fri16\/wp-content\/uploads\/2016\/10\/engenharia_radio_logotipo_horizontal.png 540w\" sizes=\"(max-width: 300px) 100vw, 300px\" \/><\/p>\n<p>&nbsp;<\/p>\n<p>Para qualquer esclarecimento ou d\u00favida sobre o FRI, estamos dispon\u00edveis atrav\u00e9s do e-mail:<br \/>\n<strong>geral@engenhariaradio.pt<\/strong><\/p>\n<p>&nbsp;<\/p>\n<p><strong>Apoio<\/strong><\/p>\n<p>A segunda edi\u00e7\u00e3o do FRI \u00e9 financiada pelo<a href=\"http:\/\/www.ipdj.pt\/\"> Instituto Portugu\u00eas do Desporto e Juventude<\/a>.<\/p>\n<p><img decoding=\"async\" loading=\"lazy\" class=\"size-medium alignleft\" src=\"http:\/\/www.ipdj.pt\/images\/Logo_ipdj2.jpg\" alt=\"\" width=\"112\" height=\"101\" \/><\/p>\n","protected":false},"excerpt":{"rendered":"<p>A 2\u00aa edi\u00e7\u00e3o do F\u00f3rum de R\u00e1dio Independente \u00e9 organizado pela Engenharia R\u00e1dio, r\u00e1dio universit\u00e1ria do Porto. &nbsp; Para qualquer esclarecimento ou d\u00favida sobre o FRI, estamos dispon\u00edveis atrav\u00e9s do e-mail: geral@engenhariaradio.pt &nbsp; Apoio A segunda edi\u00e7\u00e3o do FRI \u00e9 financiada pelo Instituto Portugu\u00eas do Desporto e Juventude.<\/p>\n","protected":false},"author":1,"featured_media":0,"parent":0,"menu_order":0,"comment_status":"closed","ping_status":"closed","template":"template-fullwidth.php","meta":{"jetpack_post_was_ever_published":false},"jetpack_sharing_enabled":true,"jetpack_shortlink":"https:\/\/wp.me\/P7XdWZ-k","_links":{"self":[{"href":"https:\/\/www.engenhariaradio.pt\/fri16\/wp-json\/wp\/v2\/pages\/20"}],"collection":[{"href":"https:\/\/www.engenhariaradio.pt\/fri16\/wp-json\/wp\/v2\/pages"}],"about":[{"href":"https:\/\/www.engenhariaradio.pt\/fri16\/wp-json\/wp\/v2\/types\/page"}],"author":[{"embeddable":true,"href":"https:\/\/www.engenhariaradio.pt\/fri16\/wp-json\/wp\/v2\/users\/1"}],"replies":[{"embeddable":true,"href":"https:\/\/www.engenhariaradio.pt\/fri16\/wp-json\/wp\/v2\/comments?post=20"}],"version-history":[{"count":5,"href":"https:\/\/www.engenhariaradio.pt\/fri16\/wp-json\/wp\/v2\/pages\/20\/revisions"}],"predecessor-version":[{"id":39,"href":"https:\/\/www.engenhariaradio.pt\/fri16\/wp-json\/wp\/v2\/pages\/20\/revisions\/39"}],"wp:attachment":[{"href":"https:\/\/www.engenhariaradio.pt\/fri16\/wp-json\/wp\/v2\/media?parent=20"}],"curies":[{"name":"wp","href":"https:\/\/api.w.org\/{rel}","templated":true}]}}