{"id":18,"date":"2016-10-04T17:54:42","date_gmt":"2016-10-04T17:54:42","guid":{"rendered":"http:\/\/engenhariaradio.pt\/fri16\/?page_id=18"},"modified":"2016-10-04T21:03:01","modified_gmt":"2016-10-04T21:03:01","slug":"convidados","status":"publish","type":"page","link":"https:\/\/www.engenhariaradio.pt\/fri16\/convidados\/","title":{"rendered":"Convidados"},"content":{"rendered":"<p><strong>Lista de R\u00e1dios Universit\u00e1rias e Locais do distrito do Porto convidadas:<\/strong><\/p>\n<p>Engenharia R\u00e1dio (Universit\u00e1ria, Porto)<br \/>\nCCFM (Universit\u00e1ria, Porto)<br \/>\nJornal FM (Local, Paredes)<br \/>\nR\u00e1dio 5 (Local, Porto)<br \/>\nR\u00e1dio Clube Penafiel (Local, Penafiel)<br \/>\nR\u00e1dio Felgueiras (Local, Felgueiras)<br \/>\nR\u00e1dio Festival (Local, Porto)<br \/>\nR\u00e1dio Manobras (Comunit\u00e1ria, Porto)<br \/>\nR\u00e1dio Marcoense FM (Local, Marco de Canaveses)<br \/>\nR\u00e1dio NoAr (Local, Porto)<br \/>\nR\u00e1dio Nostalgia (Local, Matosinhos)<br \/>\nR\u00e1dio Nova (Local, Porto)<br \/>\nR\u00e1dio Nova Era (Local, Vila Nova de Gaia)<br \/>\nR\u00e1dio Onda Viva (Local, P\u00f3voa do Varzim)<br \/>\nR\u00e1dio Placard (Local, Vila Nova de Gaia)<br \/>\nR\u00e1dio Voz Santo Tirso (Local, Santo Tirso)<\/p>\n<p>&nbsp;<\/p>\n<p><strong>Institui\u00e7\u00f5es convidadas:<\/strong><\/p>\n<p>AEFEUP (Associa\u00e7\u00e3o de Estudantes da FEUP)<br \/>\nANACOM (Autoridade Nacional de Comunica\u00e7\u00f5es)<br \/>\nAPR (Associa\u00e7\u00e3o Portuguesa de R\u00e1diodifus\u00e3o)<br \/>\nCMP (C\u00e2mara Municipal do Porto)<br \/>\nERC (Entidade Reguladora para a Comunica\u00e7\u00e3o Social)<br \/>\nFAP (Federa\u00e7\u00e3o Acad\u00e9mica do Porto)<br \/>\nFEUP (Faculdade de Engenharia da Universidade do Porto)<br \/>\nJPN (Jornalismo Porto Net)<br \/>\nPolit\u00e9cnico do Porto<br \/>\nPorto Canal<br \/>\nRR (R\u00e1dio Renascen\u00e7a)<br \/>\nRTP (R\u00e1dio e Televis\u00e3o de Portugal)<br \/>\nSPA (Sociedade Portuguesa de Autores)<br \/>\nUniversidade do Porto<\/p>\n<p><strong>Outras r\u00e1dios convidadas:<\/strong><\/p>\n<p>ESCC FM (Universit\u00e1ria, Lisboa)<br \/>\nR\u00e1dio Active (Projeto Europeu de Interven\u00e7\u00e3o Educacional)<br \/>\nR\u00e1dio \u00c1S (Projeto de R\u00e1dio Comunit\u00e1ria, Aveiro, recentemente interrompido)<br \/>\nR\u00e1dio Aurora a Outra Voz (Projeto do Centro Hospitalar J\u00falio de Matos, Lisboa)<br \/>\nR\u00e1dio Aut\u00f3noma (Universit\u00e1ria, Lisboa)<br \/>\nR\u00e1dio Universidade de Coimbra (Universit\u00e1ria, Coimbra)<br \/>\nR\u00e1dio Universidade do Minho (Universit\u00e1ria, Braga)<br \/>\nR\u00e1dio Universit\u00e1ria da Beira Interior (Universit\u00e1ria, Covilh\u00e3)<br \/>\nR\u00e1dio Universit\u00e1ria do Algarve (Universit\u00e1ria, Faro)<br \/>\nR\u00e1dio Zero (Universit\u00e1ria, Lisboa)<br \/>\nStress FM (Experimental, Lisboa)<br \/>\nUniversidade FM (Universit\u00e1ria, Vila Real)<\/p>\n<p>&nbsp;<\/p>\n<p>A tua r\u00e1dio n\u00e3o faz parte desta lista e gostarias de vir ao F\u00f3rum?<\/p>\n<p>Envia-nos um e-mail para geral@engenhariaradio.pt<\/p>\n","protected":false},"excerpt":{"rendered":"<p>Lista de R\u00e1dios Universit\u00e1rias e Locais do distrito do Porto convidadas: Engenharia R\u00e1dio (Universit\u00e1ria, Porto) CCFM (Universit\u00e1ria, Porto) Jornal FM (Local, Paredes) R\u00e1dio 5 (Local, Porto) R\u00e1dio Clube Penafiel (Local, Penafiel) R\u00e1dio Felgueiras (Local, Felgueiras) R\u00e1dio Festival (Local, Porto) R\u00e1dio Manobras (Comunit\u00e1ria, Porto) R\u00e1dio Marcoense FM (Local, Marco de Canaveses) R\u00e1dio NoAr (Local, Porto) R\u00e1dio <a href=\"https:\/\/www.engenhariaradio.pt\/fri16\/convidados\/\" rel=\"nofollow\"><span class=\"sr-only\">Read more about Convidados<\/span>[&#8230;]<\/a><\/p>\n","protected":false},"author":1,"featured_media":0,"parent":0,"menu_order":0,"comment_status":"closed","ping_status":"closed","template":"template-fullwidth.php","meta":{"jetpack_post_was_ever_published":false},"jetpack_sharing_enabled":true,"jetpack_shortlink":"https:\/\/wp.me\/P7XdWZ-i","_links":{"self":[{"href":"https:\/\/www.engenhariaradio.pt\/fri16\/wp-json\/wp\/v2\/pages\/18"}],"collection":[{"href":"https:\/\/www.engenhariaradio.pt\/fri16\/wp-json\/wp\/v2\/pages"}],"about":[{"href":"https:\/\/www.engenhariaradio.pt\/fri16\/wp-json\/wp\/v2\/types\/page"}],"author":[{"embeddable":true,"href":"https:\/\/www.engenhariaradio.pt\/fri16\/wp-json\/wp\/v2\/users\/1"}],"replies":[{"embeddable":true,"href":"https:\/\/www.engenhariaradio.pt\/fri16\/wp-json\/wp\/v2\/comments?post=18"}],"version-history":[{"count":5,"href":"https:\/\/www.engenhariaradio.pt\/fri16\/wp-json\/wp\/v2\/pages\/18\/revisions"}],"predecessor-version":[{"id":40,"href":"https:\/\/www.engenhariaradio.pt\/fri16\/wp-json\/wp\/v2\/pages\/18\/revisions\/40"}],"wp:attachment":[{"href":"https:\/\/www.engenhariaradio.pt\/fri16\/wp-json\/wp\/v2\/media?parent=18"}],"curies":[{"name":"wp","href":"https:\/\/api.w.org\/{rel}","templated":true}]}}