{"id":14,"date":"2016-10-04T17:54:16","date_gmt":"2016-10-04T17:54:16","guid":{"rendered":"http:\/\/engenhariaradio.pt\/fri16\/?page_id=14"},"modified":"2018-11-11T20:21:12","modified_gmt":"2018-11-11T20:21:12","slug":"inscricoes","status":"publish","type":"page","link":"https:\/\/www.engenhariaradio.pt\/fri16\/inscricoes\/","title":{"rendered":"Inscri\u00e7\u00f5es"},"content":{"rendered":"<p>As inscri\u00e7\u00f5es no FRI s\u00e3o gratuitas mas obrigat\u00f3rias. Os workshops ter\u00e3o lota\u00e7\u00e3o limitada.<\/p>\n<p>As inscri\u00e7\u00f5es encontram-se encerradas.<\/p>\n","protected":false},"excerpt":{"rendered":"<p>As inscri\u00e7\u00f5es no FRI s\u00e3o gratuitas mas obrigat\u00f3rias. Os workshops ter\u00e3o lota\u00e7\u00e3o limitada. As inscri\u00e7\u00f5es encontram-se encerradas.<\/p>\n","protected":false},"author":1,"featured_media":0,"parent":0,"menu_order":0,"comment_status":"closed","ping_status":"closed","template":"template-fullwidth.php","meta":{"jetpack_post_was_ever_published":false},"jetpack_sharing_enabled":true,"jetpack_shortlink":"https:\/\/wp.me\/P7XdWZ-e","_links":{"self":[{"href":"https:\/\/www.engenhariaradio.pt\/fri16\/wp-json\/wp\/v2\/pages\/14"}],"collection":[{"href":"https:\/\/www.engenhariaradio.pt\/fri16\/wp-json\/wp\/v2\/pages"}],"about":[{"href":"https:\/\/www.engenhariaradio.pt\/fri16\/wp-json\/wp\/v2\/types\/page"}],"author":[{"embeddable":true,"href":"https:\/\/www.engenhariaradio.pt\/fri16\/wp-json\/wp\/v2\/users\/1"}],"replies":[{"embeddable":true,"href":"https:\/\/www.engenhariaradio.pt\/fri16\/wp-json\/wp\/v2\/comments?post=14"}],"version-history":[{"count":6,"href":"https:\/\/www.engenhariaradio.pt\/fri16\/wp-json\/wp\/v2\/pages\/14\/revisions"}],"predecessor-version":[{"id":152,"href":"https:\/\/www.engenhariaradio.pt\/fri16\/wp-json\/wp\/v2\/pages\/14\/revisions\/152"}],"wp:attachment":[{"href":"https:\/\/www.engenhariaradio.pt\/fri16\/wp-json\/wp\/v2\/media?parent=14"}],"curies":[{"name":"wp","href":"https:\/\/api.w.org\/{rel}","templated":true}]}}