{"id":12,"date":"2016-10-04T17:54:02","date_gmt":"2016-10-04T17:54:02","guid":{"rendered":"http:\/\/engenhariaradio.pt\/fri16\/?page_id=12"},"modified":"2016-10-11T19:56:05","modified_gmt":"2016-10-11T19:56:05","slug":"programa","status":"publish","type":"page","link":"https:\/\/www.engenhariaradio.pt\/fri16\/programa\/","title":{"rendered":"Programa"},"content":{"rendered":"<h1><strong>S\u00e1bado 15 de Outubro\u00a0<\/strong><\/h1>\n<p><strong>09:30<\/strong> Registo dos participantes<\/p>\n<p><strong>10:00<\/strong> <strong>Sess\u00e3o de Abertura<\/strong>\u00a0<strong> &#8211; <a href=\"https:\/\/sigarra.up.pt\/feup\/pt\/instal_geral.edificio_view?pv_id=1406\">FEUP, Sala B032<\/a><\/strong><\/p>\n<p><strong>10:15<\/strong> <strong>Debate: &#8220;Universit\u00e1rias e Locais: Que liga\u00e7\u00e3o \u00e0 Cidade e \u00e0 Academia?&#8221; &#8211; <a href=\"https:\/\/sigarra.up.pt\/feup\/pt\/instal_geral.edificio_view?pv_id=1406\">FEUP, Sala B032<\/a><\/strong><\/p>\n<ul>\n<li>Filipe Borges Teixeira &#8211; Coordenador Geral da Engenharia R\u00e1dio<\/li>\n<li>Sebasti\u00e3o Feyo de Azevedo &#8211; Reitor da Universidade do Porto<\/li>\n<li>Daniel Freitas &#8211; Presidente da Federa\u00e7\u00e3o Acad\u00e9mica do Porto<\/li>\n<li>S\u00edlvia Braga &#8211; Diretora de Programa\u00e7\u00e3o da R\u00e1dio Nova Era<\/li>\n<\/ul>\n<p><strong>12:30<\/strong> Almo\u00e7o (livre)<\/p>\n<p><strong>14:00<\/strong>\u00a0<strong>Workshop de Reda\u00e7\u00e3o e Reportagem &#8211; <a href=\"https:\/\/sigarra.up.pt\/feup\/pt\/instal_geral.edificio_view?pv_id=1406\">FEUP, Sala B119<\/a><\/strong><\/p>\n<ul>\n<li>Pedro Andrade &#8211; R\u00e1dio Universit\u00e1ria do Minho (RUM)<\/li>\n<\/ul>\n<p><strong>16:45<\/strong> Coffee-Break<\/p>\n<p><strong>17:00<\/strong>\u00a0<strong>Workshop de Sonoplastia &#8211; <a href=\"https:\/\/sigarra.up.pt\/feup\/pt\/instal_geral.edificio_view?pv_id=1406\">FEUP, Sala B119<\/a><\/strong><\/p>\n<ul>\n<li>Ana Pedro &#8211;\u00a0 ZUMBIDO Studio<\/li>\n<li>Vasco Gomes &#8211; Casa da M\u00fasica<\/li>\n<\/ul>\n<p><strong>20:00<\/strong> Encerramento do primeiro dia<\/p>\n<p><strong>20:30<\/strong> Jantar (livre)<\/p>\n<p>&nbsp;<\/p>\n<h1><strong>Domingo 16 de Outubro<\/strong><\/h1>\n<p><strong>10:00\u00a0<\/strong><strong>Workshop de Fotografia \/ V\u00eddeo &#8211; <a href=\"https:\/\/sigarra.up.pt\/feup\/pt\/instal_geral.edificio_view?pv_id=1406\">FEUP, Sala B119<\/a><\/strong><\/p>\n<ul>\n<li>Igor Martins &#8211; RTP<\/li>\n<\/ul>\n<p><strong>12:30<\/strong> Almo\u00e7o (livre)<\/p>\n<p><strong>14:00\u00a0Workshop de Locu\u00e7\u00e3o &#8211; <a href=\"https:\/\/sigarra.up.pt\/feup\/pt\/instal_geral.edificio_view?pv_id=1406\">FEUP,\u00a0Est\u00fadio Engenharia R\u00e1dio<\/a><\/strong><\/p>\n<ul>\n<li>S\u00edlvia Braga &#8211; R\u00e1dio Nova Era<\/li>\n<\/ul>\n<p><strong>16:45<\/strong> Coffee-break<\/p>\n<p><strong>17:00 Sess\u00e3o de Encerramento: &#8220;Experi\u00eancias de R\u00e1dios Locais e Universit\u00e1rias&#8221; &#8211; <a href=\"https:\/\/sigarra.up.pt\/feup\/pt\/instal_geral.edificio_view?pv_id=1406\">FEUP, Sala B029<\/a><\/strong><\/p>\n<p>&nbsp;<\/p>\n<p>Nota: O programa poder\u00e1 sofrer altera\u00e7\u00f5es.<\/p>\n","protected":false},"excerpt":{"rendered":"<p>S\u00e1bado 15 de Outubro\u00a0 09:30 Registo dos participantes 10:00 Sess\u00e3o de Abertura\u00a0 &#8211; FEUP, Sala B032 10:15 Debate: &#8220;Universit\u00e1rias e Locais: Que liga\u00e7\u00e3o \u00e0 Cidade e \u00e0 Academia?&#8221; &#8211; FEUP, Sala B032 Filipe Borges Teixeira &#8211; Coordenador Geral da Engenharia R\u00e1dio Sebasti\u00e3o Feyo de Azevedo &#8211; Reitor da Universidade do Porto Daniel Freitas &#8211; Presidente <a href=\"https:\/\/www.engenhariaradio.pt\/fri16\/programa\/\" rel=\"nofollow\"><span class=\"sr-only\">Read more about Programa<\/span>[&#8230;]<\/a><\/p>\n","protected":false},"author":1,"featured_media":0,"parent":0,"menu_order":0,"comment_status":"closed","ping_status":"closed","template":"template-fullwidth.php","meta":{"jetpack_post_was_ever_published":false},"jetpack_sharing_enabled":true,"jetpack_shortlink":"https:\/\/wp.me\/P7XdWZ-c","_links":{"self":[{"href":"https:\/\/www.engenhariaradio.pt\/fri16\/wp-json\/wp\/v2\/pages\/12"}],"collection":[{"href":"https:\/\/www.engenhariaradio.pt\/fri16\/wp-json\/wp\/v2\/pages"}],"about":[{"href":"https:\/\/www.engenhariaradio.pt\/fri16\/wp-json\/wp\/v2\/types\/page"}],"author":[{"embeddable":true,"href":"https:\/\/www.engenhariaradio.pt\/fri16\/wp-json\/wp\/v2\/users\/1"}],"replies":[{"embeddable":true,"href":"https:\/\/www.engenhariaradio.pt\/fri16\/wp-json\/wp\/v2\/comments?post=12"}],"version-history":[{"count":19,"href":"https:\/\/www.engenhariaradio.pt\/fri16\/wp-json\/wp\/v2\/pages\/12\/revisions"}],"predecessor-version":[{"id":72,"href":"https:\/\/www.engenhariaradio.pt\/fri16\/wp-json\/wp\/v2\/pages\/12\/revisions\/72"}],"wp:attachment":[{"href":"https:\/\/www.engenhariaradio.pt\/fri16\/wp-json\/wp\/v2\/media?parent=12"}],"curies":[{"name":"wp","href":"https:\/\/api.w.org\/{rel}","templated":true}]}}